{"id":17425,"date":"2023-09-29T10:33:47","date_gmt":"2023-09-29T10:33:47","guid":{"rendered":"https:\/\/grafik.ftpweb.dev\/?page_id=17425"},"modified":"2023-10-06T08:10:43","modified_gmt":"2023-10-06T08:10:43","slug":"politica-de-cookies","status":"publish","type":"page","link":"https:\/\/grafik.ftpweb.dev\/index.php\/politica-de-cookies\/","title":{"rendered":"Pol\u00edtica De Cookies"},"content":{"rendered":"\t\t<div data-elementor-type=\"wp-page\" data-elementor-id=\"17425\" class=\"elementor elementor-17425\" data-elementor-post-type=\"page\">\n\t\t\t\t\t\t\t<div class=\"elementor-element elementor-element-a15f688 e-flex e-con-boxed e-con e-parent\" data-id=\"a15f688\" data-element_type=\"container\" data-settings=\"{&quot;content_width&quot;:&quot;boxed&quot;}\" data-core-v316-plus=\"true\">\n\t\t\t\t\t<div class=\"e-con-inner\">\n\t\t\t\t<div class=\"elementor-element elementor-element-65797e1 elementor-widget elementor-widget-heading\" data-id=\"65797e1\" data-element_type=\"widget\" data-widget_type=\"heading.default\">\n\t\t\t\t<div class=\"elementor-widget-container\">\n\t\t\t<style>\/*! elementor - v3.16.0 - 17-10-2023 *\/\n.elementor-heading-title{padding:0;margin:0;line-height:1}.elementor-widget-heading .elementor-heading-title[class*=elementor-size-]>a{color:inherit;font-size:inherit;line-height:inherit}.elementor-widget-heading .elementor-heading-title.elementor-size-small{font-size:15px}.elementor-widget-heading .elementor-heading-title.elementor-size-medium{font-size:19px}.elementor-widget-heading .elementor-heading-title.elementor-size-large{font-size:29px}.elementor-widget-heading .elementor-heading-title.elementor-size-xl{font-size:39px}.elementor-widget-heading .elementor-heading-title.elementor-size-xxl{font-size:59px}<\/style><h2 class=\"elementor-heading-title elementor-size-default\">Pol\u00edtica De Cookies<\/h2>\t\t<\/div>\n\t\t\t\t<\/div>\n\t\t\t\t\t<\/div>\n\t\t\t\t<\/div>\n\t\t<div class=\"elementor-element elementor-element-dd1472e e-flex e-con-boxed e-con e-parent\" data-id=\"dd1472e\" data-element_type=\"container\" data-settings=\"{&quot;content_width&quot;:&quot;boxed&quot;}\" data-core-v316-plus=\"true\">\n\t\t\t\t\t<div class=\"e-con-inner\">\n\t\t\t\t<div class=\"elementor-element elementor-element-d6bfb13 elementor-widget-divider--view-line elementor-widget elementor-widget-divider\" data-id=\"d6bfb13\" data-element_type=\"widget\" data-widget_type=\"divider.default\">\n\t\t\t\t<div class=\"elementor-widget-container\">\n\t\t\t<style>\/*! elementor - v3.16.0 - 17-10-2023 *\/\n.elementor-widget-divider{--divider-border-style:none;--divider-border-width:1px;--divider-color:#0c0d0e;--divider-icon-size:20px;--divider-element-spacing:10px;--divider-pattern-height:24px;--divider-pattern-size:20px;--divider-pattern-url:none;--divider-pattern-repeat:repeat-x}.elementor-widget-divider .elementor-divider{display:flex}.elementor-widget-divider .elementor-divider__text{font-size:15px;line-height:1;max-width:95%}.elementor-widget-divider .elementor-divider__element{margin:0 var(--divider-element-spacing);flex-shrink:0}.elementor-widget-divider .elementor-icon{font-size:var(--divider-icon-size)}.elementor-widget-divider .elementor-divider-separator{display:flex;margin:0;direction:ltr}.elementor-widget-divider--view-line_icon .elementor-divider-separator,.elementor-widget-divider--view-line_text .elementor-divider-separator{align-items:center}.elementor-widget-divider--view-line_icon .elementor-divider-separator:after,.elementor-widget-divider--view-line_icon .elementor-divider-separator:before,.elementor-widget-divider--view-line_text .elementor-divider-separator:after,.elementor-widget-divider--view-line_text .elementor-divider-separator:before{display:block;content:\"\";border-bottom:0;flex-grow:1;border-top:var(--divider-border-width) var(--divider-border-style) var(--divider-color)}.elementor-widget-divider--element-align-left .elementor-divider .elementor-divider-separator>.elementor-divider__svg:first-of-type{flex-grow:0;flex-shrink:100}.elementor-widget-divider--element-align-left .elementor-divider-separator:before{content:none}.elementor-widget-divider--element-align-left .elementor-divider__element{margin-left:0}.elementor-widget-divider--element-align-right .elementor-divider .elementor-divider-separator>.elementor-divider__svg:last-of-type{flex-grow:0;flex-shrink:100}.elementor-widget-divider--element-align-right .elementor-divider-separator:after{content:none}.elementor-widget-divider--element-align-right .elementor-divider__element{margin-right:0}.elementor-widget-divider:not(.elementor-widget-divider--view-line_text):not(.elementor-widget-divider--view-line_icon) .elementor-divider-separator{border-top:var(--divider-border-width) var(--divider-border-style) var(--divider-color)}.elementor-widget-divider--separator-type-pattern{--divider-border-style:none}.elementor-widget-divider--separator-type-pattern.elementor-widget-divider--view-line .elementor-divider-separator,.elementor-widget-divider--separator-type-pattern:not(.elementor-widget-divider--view-line) .elementor-divider-separator:after,.elementor-widget-divider--separator-type-pattern:not(.elementor-widget-divider--view-line) .elementor-divider-separator:before,.elementor-widget-divider--separator-type-pattern:not([class*=elementor-widget-divider--view]) .elementor-divider-separator{width:100%;min-height:var(--divider-pattern-height);-webkit-mask-size:var(--divider-pattern-size) 100%;mask-size:var(--divider-pattern-size) 100%;-webkit-mask-repeat:var(--divider-pattern-repeat);mask-repeat:var(--divider-pattern-repeat);background-color:var(--divider-color);-webkit-mask-image:var(--divider-pattern-url);mask-image:var(--divider-pattern-url)}.elementor-widget-divider--no-spacing{--divider-pattern-size:auto}.elementor-widget-divider--bg-round{--divider-pattern-repeat:round}.rtl .elementor-widget-divider .elementor-divider__text{direction:rtl}.e-con-inner>.elementor-widget-divider,.e-con>.elementor-widget-divider{width:var(--container-widget-width,100%);--flex-grow:var(--container-widget-flex-grow)}<\/style>\t\t<div class=\"elementor-divider\">\n\t\t\t<span class=\"elementor-divider-separator\">\n\t\t\t\t\t\t<\/span>\n\t\t<\/div>\n\t\t\t\t<\/div>\n\t\t\t\t<\/div>\n\t\t\t\t\t<\/div>\n\t\t\t\t<\/div>\n\t\t<div class=\"elementor-element elementor-element-71d2cf4 e-flex e-con-boxed e-con e-parent\" data-id=\"71d2cf4\" data-element_type=\"container\" data-settings=\"{&quot;content_width&quot;:&quot;boxed&quot;}\" data-core-v316-plus=\"true\">\n\t\t\t\t\t<div class=\"e-con-inner\">\n\t\t\t\t<div class=\"elementor-element elementor-element-85786c9 elementor-widget elementor-widget-text-editor\" data-id=\"85786c9\" data-element_type=\"widget\" data-widget_type=\"text-editor.default\">\n\t\t\t\t<div class=\"elementor-widget-container\">\n\t\t\t<style>\/*! elementor - v3.16.0 - 17-10-2023 *\/\n.elementor-widget-text-editor.elementor-drop-cap-view-stacked .elementor-drop-cap{background-color:#69727d;color:#fff}.elementor-widget-text-editor.elementor-drop-cap-view-framed .elementor-drop-cap{color:#69727d;border:3px solid;background-color:transparent}.elementor-widget-text-editor:not(.elementor-drop-cap-view-default) .elementor-drop-cap{margin-top:8px}.elementor-widget-text-editor:not(.elementor-drop-cap-view-default) .elementor-drop-cap-letter{width:1em;height:1em}.elementor-widget-text-editor .elementor-drop-cap{float:left;text-align:center;line-height:1;font-size:50px}.elementor-widget-text-editor .elementor-drop-cap-letter{display:inline-block}<\/style>\t\t\t\t<p>A sociedade comercial 3LM \u2013 Publicidade e Imagem Unipessoal, Lda, no seu site, utiliza \u201ccookies\u201d com o objectivo de prestar um melhor servi\u00e7o e proporcionar uma melhor experi\u00eancia de navega\u00e7\u00e3o.<br \/>Os cookies ajudam os websites a armazenar e recuperar informa\u00e7\u00e3o sobre os seus h\u00e1bitos de navega\u00e7\u00e3o de forma a personalizar a navega\u00e7\u00e3o de acordo com as suas prefer\u00eancias, para melhorar a experi\u00eancia do utilizador.<br \/>O website da sociedade comercial 3LM \u2013 Publicidade e Imagem Unipessoal, Lda utiliza o cookie Google Analytics, sendo que \u00e9 uma ferramenta que ajuda os propriet\u00e1rios de sites a avaliar a intera\u00e7\u00e3o dos usu\u00e1rios com o conte\u00fado deles. Conforme o utilizador navega pelas p\u00e1ginas da Web, o Google Analytics fornece tags JavaScript (bibliotecas) aos propriet\u00e1rios dos sites para que eles registem informa\u00e7\u00f5es anonimizadas sobre a p\u00e1gina visitada (por exemplo, o URL dela). As bibliotecas JavaScript do Google Analytics usam cookies HTTP para armazenar as intera\u00e7\u00f5es ou a\u00e7\u00f5es anteriores do usu\u00e1rio nas p\u00e1ginas do site.<\/p><p>\u00c9 sempre poss\u00edvel ao utilizador deste website configurar a aceita\u00e7\u00e3o ou recusa dos cookies no banner dispon\u00edvel aquando a abertura do website.<br \/>Contudo, informam-se todos os utilizadores deste website que a recusa na sua aceita\u00e7\u00e3o implicar\u00e1 a n\u00e3o utiliza\u00e7\u00e3o deste website ou a sua utiliza\u00e7\u00e3o com limita\u00e7\u00f5es.<br \/>Por fim, para gest\u00e3o dos cookies e conhecimento de quais s\u00e3o guardados, os utilizadores podem recorrer \u00e0s ferramentas que os respectivos browsers colocam \u00e0 disposi\u00e7\u00e3o.<\/p><p>A sociedade comercial 3LM \u2013 Publicidade e Imagem Unipessoal, Lda reserva-se no direito de, a qualquer momento e sem aviso pr\u00e9vio, proceder \u00e0 altera\u00e7\u00e3o da sua Pol\u00edtica de Cookies.<\/p><p>Por\u00e9m, ap\u00f3s a altera\u00e7\u00e3o, os utilizadores desde website poder\u00e3o visualizar as mesmas para que possam, novamente, prestar o seu consentimento expresso e informado.<\/p>\t\t\t\t\t\t<\/div>\n\t\t\t\t<\/div>\n\t\t\t\t\t<\/div>\n\t\t\t\t<\/div>\n\t\t\t\t\t\t\t<\/div>\n\t\t","protected":false},"excerpt":{"rendered":"<p>Pol\u00edtica De Cookies A sociedade comercial 3LM \u2013 Publicidade e Imagem Unipessoal, Lda, no seu site, utiliza \u201ccookies\u201d com o objectivo de prestar um melhor servi\u00e7o e proporcionar uma melhor experi\u00eancia de navega\u00e7\u00e3o.Os cookies ajudam os websites a armazenar e recuperar informa\u00e7\u00e3o sobre os seus h\u00e1bitos de navega\u00e7\u00e3o de forma a personalizar a navega\u00e7\u00e3o de [&hellip;]<\/p>\n","protected":false},"author":1,"featured_media":0,"parent":0,"menu_order":0,"comment_status":"closed","ping_status":"closed","template":"","meta":{"_themeisle_gutenberg_block_has_review":false,"footnotes":""},"acf":[],"_links":{"self":[{"href":"https:\/\/grafik.ftpweb.dev\/index.php\/wp-json\/wp\/v2\/pages\/17425"}],"collection":[{"href":"https:\/\/grafik.ftpweb.dev\/index.php\/wp-json\/wp\/v2\/pages"}],"about":[{"href":"https:\/\/grafik.ftpweb.dev\/index.php\/wp-json\/wp\/v2\/types\/page"}],"author":[{"embeddable":true,"href":"https:\/\/grafik.ftpweb.dev\/index.php\/wp-json\/wp\/v2\/users\/1"}],"replies":[{"embeddable":true,"href":"https:\/\/grafik.ftpweb.dev\/index.php\/wp-json\/wp\/v2\/comments?post=17425"}],"version-history":[{"count":17,"href":"https:\/\/grafik.ftpweb.dev\/index.php\/wp-json\/wp\/v2\/pages\/17425\/revisions"}],"predecessor-version":[{"id":18044,"href":"https:\/\/grafik.ftpweb.dev\/index.php\/wp-json\/wp\/v2\/pages\/17425\/revisions\/18044"}],"wp:attachment":[{"href":"https:\/\/grafik.ftpweb.dev\/index.php\/wp-json\/wp\/v2\/media?parent=17425"}],"curies":[{"name":"wp","href":"https:\/\/api.w.org\/{rel}","templated":true}]}}