{"id":17440,"date":"2023-09-29T10:39:22","date_gmt":"2023-09-29T10:39:22","guid":{"rendered":"https:\/\/grafik.ftpweb.dev\/?page_id=17440"},"modified":"2023-10-06T08:14:13","modified_gmt":"2023-10-06T08:14:13","slug":"termos-de-utilizacao","status":"publish","type":"page","link":"https:\/\/grafik.ftpweb.dev\/index.php\/termos-de-utilizacao\/","title":{"rendered":"Termos De Utiliza\u00e7\u00e3o"},"content":{"rendered":"\t\t<div data-elementor-type=\"wp-page\" data-elementor-id=\"17440\" class=\"elementor elementor-17440\" data-elementor-post-type=\"page\">\n\t\t\t\t\t\t\t<div class=\"elementor-element elementor-element-6fd8fca e-flex e-con-boxed e-con e-parent\" data-id=\"6fd8fca\" data-element_type=\"container\" data-settings=\"{&quot;content_width&quot;:&quot;boxed&quot;}\" data-core-v316-plus=\"true\">\n\t\t\t\t\t<div class=\"e-con-inner\">\n\t\t\t\t<div class=\"elementor-element elementor-element-dd281db elementor-widget elementor-widget-heading\" data-id=\"dd281db\" data-element_type=\"widget\" data-widget_type=\"heading.default\">\n\t\t\t\t<div class=\"elementor-widget-container\">\n\t\t\t<style>\/*! elementor - v3.16.0 - 17-10-2023 *\/\n.elementor-heading-title{padding:0;margin:0;line-height:1}.elementor-widget-heading .elementor-heading-title[class*=elementor-size-]>a{color:inherit;font-size:inherit;line-height:inherit}.elementor-widget-heading .elementor-heading-title.elementor-size-small{font-size:15px}.elementor-widget-heading .elementor-heading-title.elementor-size-medium{font-size:19px}.elementor-widget-heading .elementor-heading-title.elementor-size-large{font-size:29px}.elementor-widget-heading .elementor-heading-title.elementor-size-xl{font-size:39px}.elementor-widget-heading .elementor-heading-title.elementor-size-xxl{font-size:59px}<\/style><h2 class=\"elementor-heading-title elementor-size-default\">Termos De Utiliza\u00e7\u00e3o<\/h2>\t\t<\/div>\n\t\t\t\t<\/div>\n\t\t\t\t\t<\/div>\n\t\t\t\t<\/div>\n\t\t<div class=\"elementor-element elementor-element-df81dc0 e-flex e-con-boxed e-con e-parent\" data-id=\"df81dc0\" data-element_type=\"container\" data-settings=\"{&quot;content_width&quot;:&quot;boxed&quot;}\" data-core-v316-plus=\"true\">\n\t\t\t\t\t<div class=\"e-con-inner\">\n\t\t\t\t<div class=\"elementor-element elementor-element-cc9b16b elementor-widget-divider--view-line elementor-widget elementor-widget-divider\" data-id=\"cc9b16b\" data-element_type=\"widget\" data-widget_type=\"divider.default\">\n\t\t\t\t<div class=\"elementor-widget-container\">\n\t\t\t<style>\/*! elementor - v3.16.0 - 17-10-2023 *\/\n.elementor-widget-divider{--divider-border-style:none;--divider-border-width:1px;--divider-color:#0c0d0e;--divider-icon-size:20px;--divider-element-spacing:10px;--divider-pattern-height:24px;--divider-pattern-size:20px;--divider-pattern-url:none;--divider-pattern-repeat:repeat-x}.elementor-widget-divider .elementor-divider{display:flex}.elementor-widget-divider .elementor-divider__text{font-size:15px;line-height:1;max-width:95%}.elementor-widget-divider .elementor-divider__element{margin:0 var(--divider-element-spacing);flex-shrink:0}.elementor-widget-divider .elementor-icon{font-size:var(--divider-icon-size)}.elementor-widget-divider .elementor-divider-separator{display:flex;margin:0;direction:ltr}.elementor-widget-divider--view-line_icon .elementor-divider-separator,.elementor-widget-divider--view-line_text .elementor-divider-separator{align-items:center}.elementor-widget-divider--view-line_icon .elementor-divider-separator:after,.elementor-widget-divider--view-line_icon .elementor-divider-separator:before,.elementor-widget-divider--view-line_text .elementor-divider-separator:after,.elementor-widget-divider--view-line_text .elementor-divider-separator:before{display:block;content:\"\";border-bottom:0;flex-grow:1;border-top:var(--divider-border-width) var(--divider-border-style) var(--divider-color)}.elementor-widget-divider--element-align-left .elementor-divider .elementor-divider-separator>.elementor-divider__svg:first-of-type{flex-grow:0;flex-shrink:100}.elementor-widget-divider--element-align-left .elementor-divider-separator:before{content:none}.elementor-widget-divider--element-align-left .elementor-divider__element{margin-left:0}.elementor-widget-divider--element-align-right .elementor-divider .elementor-divider-separator>.elementor-divider__svg:last-of-type{flex-grow:0;flex-shrink:100}.elementor-widget-divider--element-align-right .elementor-divider-separator:after{content:none}.elementor-widget-divider--element-align-right .elementor-divider__element{margin-right:0}.elementor-widget-divider:not(.elementor-widget-divider--view-line_text):not(.elementor-widget-divider--view-line_icon) .elementor-divider-separator{border-top:var(--divider-border-width) var(--divider-border-style) var(--divider-color)}.elementor-widget-divider--separator-type-pattern{--divider-border-style:none}.elementor-widget-divider--separator-type-pattern.elementor-widget-divider--view-line .elementor-divider-separator,.elementor-widget-divider--separator-type-pattern:not(.elementor-widget-divider--view-line) .elementor-divider-separator:after,.elementor-widget-divider--separator-type-pattern:not(.elementor-widget-divider--view-line) .elementor-divider-separator:before,.elementor-widget-divider--separator-type-pattern:not([class*=elementor-widget-divider--view]) .elementor-divider-separator{width:100%;min-height:var(--divider-pattern-height);-webkit-mask-size:var(--divider-pattern-size) 100%;mask-size:var(--divider-pattern-size) 100%;-webkit-mask-repeat:var(--divider-pattern-repeat);mask-repeat:var(--divider-pattern-repeat);background-color:var(--divider-color);-webkit-mask-image:var(--divider-pattern-url);mask-image:var(--divider-pattern-url)}.elementor-widget-divider--no-spacing{--divider-pattern-size:auto}.elementor-widget-divider--bg-round{--divider-pattern-repeat:round}.rtl .elementor-widget-divider .elementor-divider__text{direction:rtl}.e-con-inner>.elementor-widget-divider,.e-con>.elementor-widget-divider{width:var(--container-widget-width,100%);--flex-grow:var(--container-widget-flex-grow)}<\/style>\t\t<div class=\"elementor-divider\">\n\t\t\t<span class=\"elementor-divider-separator\">\n\t\t\t\t\t\t<\/span>\n\t\t<\/div>\n\t\t\t\t<\/div>\n\t\t\t\t<\/div>\n\t\t\t\t\t<\/div>\n\t\t\t\t<\/div>\n\t\t<div class=\"elementor-element elementor-element-c07b77b e-flex e-con-boxed e-con e-parent\" data-id=\"c07b77b\" data-element_type=\"container\" data-settings=\"{&quot;content_width&quot;:&quot;boxed&quot;}\" data-core-v316-plus=\"true\">\n\t\t\t\t\t<div class=\"e-con-inner\">\n\t\t\t\t<div class=\"elementor-element elementor-element-1f10874 elementor-widget elementor-widget-text-editor\" data-id=\"1f10874\" data-element_type=\"widget\" data-widget_type=\"text-editor.default\">\n\t\t\t\t<div class=\"elementor-widget-container\">\n\t\t\t<style>\/*! elementor - v3.16.0 - 17-10-2023 *\/\n.elementor-widget-text-editor.elementor-drop-cap-view-stacked .elementor-drop-cap{background-color:#69727d;color:#fff}.elementor-widget-text-editor.elementor-drop-cap-view-framed .elementor-drop-cap{color:#69727d;border:3px solid;background-color:transparent}.elementor-widget-text-editor:not(.elementor-drop-cap-view-default) .elementor-drop-cap{margin-top:8px}.elementor-widget-text-editor:not(.elementor-drop-cap-view-default) .elementor-drop-cap-letter{width:1em;height:1em}.elementor-widget-text-editor .elementor-drop-cap{float:left;text-align:center;line-height:1;font-size:50px}.elementor-widget-text-editor .elementor-drop-cap-letter{display:inline-block}<\/style>\t\t\t\t<p>O utilizador ao aceder a este website concorda com os presentes termos de utiliza\u00e7\u00e3o.<\/p><p><strong>1) Utiliza\u00e7\u00e3o do Website<\/strong><br \/>A sociedade comercial 3LM \u2013 Publicidade e Imagem Unipessoal, Lda pode suspender ou encerrar, total ou parcialmente, o acesso ou utiliza\u00e7\u00e3o do presente website, sem qualquer aviso pr\u00e9vio.<\/p><p><strong>2) Direito de Propriedade<\/strong><br \/>Quaisquer marcas registadas, log\u00f3tipos ou outros direitos de propriedade industrial ou de autor presentes neste website s\u00e3o propriedade da sociedade comercial 3LM \u2013 Publicidade e Imagem Unipessoal, Lda, estando vedada a sua utiliza\u00e7\u00e3o, por qualquer forma, sem o consentimento ou autoriza\u00e7\u00e3o do propriet\u00e1rio.<\/p><p><strong>3) Pol\u00edtica de privacidade e Cookies<\/strong><br \/>Faz parte integrante destes termos de utiliza\u00e7\u00e3o a\u00a0<a href=\"https:\/\/3lm.pt\/politica-de-privacidade\/\">pol\u00edtica de privacidade<\/a>\u00a0e de\u00a0<a href=\"https:\/\/3lm.pt\/politica-de-cookies\/\">cookies<\/a>.<\/p><p><strong>4) Altera\u00e7\u00e3o dos termos de utiliza\u00e7\u00e3o<\/strong><br \/>A sociedade comercial 3LM \u2013 Publicidade e Imagem Unipessoal, Lda reserva-se no direito de alterar, adicionar, ou eliminar, parcial ou totalmente, os termos de utiliza\u00e7\u00e3o, sem qualquer aviso pr\u00e9vio.<\/p><p><strong>5) Resolu\u00e7\u00e3o de lit\u00edgios<\/strong><br \/>A todas as quest\u00f5es n\u00e3o reguladas expressamente nos presentes Termos de Utiliza\u00e7\u00e3o, aplicar-se-\u00e3o as normas legais vigentes.<br \/>Em caso de lit\u00edgio na interpreta\u00e7\u00e3o ou aplica\u00e7\u00e3o dos presentes Termos de Utiliza\u00e7\u00e3o, ser\u00e1 competente o Tribunal Judicial da Comarca de Coimbra, com expressa ren\u00fancia a qualquer outro.<\/p>\t\t\t\t\t\t<\/div>\n\t\t\t\t<\/div>\n\t\t\t\t\t<\/div>\n\t\t\t\t<\/div>\n\t\t\t\t\t\t\t<\/div>\n\t\t","protected":false},"excerpt":{"rendered":"<p>Termos De Utiliza\u00e7\u00e3o O utilizador ao aceder a este website concorda com os presentes termos de utiliza\u00e7\u00e3o. 1) Utiliza\u00e7\u00e3o do WebsiteA sociedade comercial 3LM \u2013 Publicidade e Imagem Unipessoal, Lda pode suspender ou encerrar, total ou parcialmente, o acesso ou utiliza\u00e7\u00e3o do presente website, sem qualquer aviso pr\u00e9vio. 2) Direito de PropriedadeQuaisquer marcas registadas, log\u00f3tipos [&hellip;]<\/p>\n","protected":false},"author":1,"featured_media":0,"parent":0,"menu_order":0,"comment_status":"closed","ping_status":"closed","template":"","meta":{"_themeisle_gutenberg_block_has_review":false,"footnotes":""},"acf":[],"_links":{"self":[{"href":"https:\/\/grafik.ftpweb.dev\/index.php\/wp-json\/wp\/v2\/pages\/17440"}],"collection":[{"href":"https:\/\/grafik.ftpweb.dev\/index.php\/wp-json\/wp\/v2\/pages"}],"about":[{"href":"https:\/\/grafik.ftpweb.dev\/index.php\/wp-json\/wp\/v2\/types\/page"}],"author":[{"embeddable":true,"href":"https:\/\/grafik.ftpweb.dev\/index.php\/wp-json\/wp\/v2\/users\/1"}],"replies":[{"embeddable":true,"href":"https:\/\/grafik.ftpweb.dev\/index.php\/wp-json\/wp\/v2\/comments?post=17440"}],"version-history":[{"count":20,"href":"https:\/\/grafik.ftpweb.dev\/index.php\/wp-json\/wp\/v2\/pages\/17440\/revisions"}],"predecessor-version":[{"id":18050,"href":"https:\/\/grafik.ftpweb.dev\/index.php\/wp-json\/wp\/v2\/pages\/17440\/revisions\/18050"}],"wp:attachment":[{"href":"https:\/\/grafik.ftpweb.dev\/index.php\/wp-json\/wp\/v2\/media?parent=17440"}],"curies":[{"name":"wp","href":"https:\/\/api.w.org\/{rel}","templated":true}]}}