{"id":17959,"date":"2023-10-03T15:31:23","date_gmt":"2023-10-03T15:31:23","guid":{"rendered":"https:\/\/grafik.ftpweb.dev\/?page_id=17959"},"modified":"2023-10-04T11:23:29","modified_gmt":"2023-10-04T11:23:29","slug":"homepage","status":"publish","type":"page","link":"https:\/\/grafik.ftpweb.dev\/","title":{"rendered":"Homepage"},"content":{"rendered":"<section class=\"wpb-content-wrapper\"><p>[vc_row full_width=&#8221;stretch_row_content_no_spaces&#8221;][vc_column]<style>.shortcode_getbowtied_slider .shortcode-slider-pagination .swiper-pagination-bullet.swiper-pagination-bullet-active:after{background-color: #ffffff;}<\/style>\n\n\t\t<div class=\"shortcode_getbowtied_slider swiper-container swiper-69e891102ec0e full_height\" style=\" width: 100%\" data-autoplay=\"4\" data-id=\"69e891102ec0e\">\n\t\t\t<div class=\"swiper-wrapper\">\n\t\t\t\n\t\t\t<div class=\"swiper-slide right-align\"\n\t\t\tstyle=\t\"background: #CCCCCC url(https:\/\/grafik.ftpweb.dev\/wp-content\/uploads\/2023\/10\/Valchromat_Aplicacoes_Paineis-Decorativos_3.jpg) center center no-repeat ;\n\t\t\t\t\t-webkit-background-size: cover;\n\t\t\t\t\t-moz-background-size: cover;\n\t\t\t\t\t-o-background-size: cover;\n\t\t\t\t\tbackground-size: cover;\n\t\t\t\t\tcolor: #000000\">\n\t\t\t\t\n\t\t\t\t<div class=\"slider-content\" data-swiper-parallax=\"-50%\">\n\t\t\t\t\t<div class=\"slider-content-wrapper\">\n\t\t\t\t\t\t\n\t\t\t\t\t\t\n\t\t\t\t\t\t\n\t\t\t\t\t<\/div>\n\t\t\t\t<\/div>\n\t\t\t<\/div>\n\t\t\t<div class=\"swiper-slide right-align\"\n\t\t\tstyle=\t\"background: #CCCCCC url(https:\/\/grafik.ftpweb.dev\/wp-content\/uploads\/2023\/06\/office_blog_hero6-1.jpg) center center no-repeat ;\n\t\t\t\t\t-webkit-background-size: cover;\n\t\t\t\t\t-moz-background-size: cover;\n\t\t\t\t\t-o-background-size: cover;\n\t\t\t\t\tbackground-size: cover;\n\t\t\t\t\tcolor: #000000\">\n\t\t\t\t\n\t\t\t\t<div class=\"slider-content\" data-swiper-parallax=\"-50%\">\n\t\t\t\t\t<div class=\"slider-content-wrapper\">\n\t\t\t\t\t\t\n\t\t\t\t\t\t\n\t\t\t\t\t\t\n\t\t\t\t\t<\/div>\n\t\t\t\t<\/div>\n\t\t\t<\/div>\n\t\t\t<\/div>\n\t\t\t\t<div style=\"color: #ffffff\" class=\"swiper-button-prev\"><i class=\"spk-icon spk-icon-left-arrow-thin-large\"><\/i><\/div>\n    \t\t\t<div style=\"color: #ffffff\" class=\"swiper-button-next\"><i class=\"spk-icon spk-icon-right-arrow-thin-large\"><\/i><\/div>\n\t\t\t\t<div style=\"color: #ffffff\" class=\"shortcode-slider-pagination\"><\/div><\/div>[\/vc_column][\/vc_row][vc_row][vc_column width=&#8221;1\/3&#8243;][vc_column_text]<\/p>\n<h4 style=\"text-align: center;\">QUALIDADE<\/h4>\n<p>[\/vc_column_text][\/vc_column][vc_column width=&#8221;1\/3&#8243;][vc_column_text]<\/p>\n<h4 style=\"text-align: center;\">EMPENHO<\/h4>\n<p>[\/vc_column_text][\/vc_column][vc_column width=&#8221;1\/3&#8243;][vc_column_text]<\/p>\n<h4 style=\"text-align: center;\">SERVI\u00c7O<\/h4>\n<p>[\/vc_column_text][\/vc_column][\/vc_row][vc_row][vc_column][vc_empty_space height=&#8221;120px&#8221;][\/vc_column][\/vc_row][vc_row][vc_column width=&#8221;1\/2&#8243; css=&#8221;.vc_custom_1696417774777{padding-right: 20% !important;padding-left: 20% !important;}&#8221;][vc_single_image image=&#8221;18000&#8243; img_size=&#8221;full&#8221; alignment=&#8221;center&#8221;][vc_column_text]<strong>Valchromat &#8211; Fibras Coloridas<\/strong><br \/>\nProduto inovador que associa as caracter\u00edsticas naturais da madeira \u00e0 cor e que, pela sua maleabilidade \u00fanica, permite explorar a tridimensionalidade, a beleza das texturas e aproveitar o melhor da engenharia.[\/vc_column_text][\/vc_column][vc_column width=&#8221;1\/2&#8243; css=&#8221;.vc_custom_1696418153029{padding-right: 20% !important;padding-left: 20% !important;}&#8221;][vc_single_image image=&#8221;18001&#8243; img_size=&#8221;full&#8221; alignment=&#8221;center&#8221;][vc_column_text]<strong>MDF<\/strong><br \/>\nPainel de fibras de m\u00e9dia densidade (Medium Density Fiberboard) formado por aglutina\u00e7\u00e3o das fibras de madeira com resinas sint\u00e9ticas, em processo seco.[\/vc_column_text][\/vc_column][\/vc_row]<\/p>\n<\/section>","protected":false},"excerpt":{"rendered":"<p>[vc_row full_width=&#8221;stretch_row_content_no_spaces&#8221;][vc_column][\/vc_column][\/vc_row][vc_row][vc_column width=&#8221;1\/3&#8243;][vc_column_text] QUALIDADE [\/vc_column_text][\/vc_column][vc_column width=&#8221;1\/3&#8243;][vc_column_text] EMPENHO [\/vc_column_text][\/vc_column][vc_column width=&#8221;1\/3&#8243;][vc_column_text] SERVI\u00c7O [\/vc_column_text][\/vc_column][\/vc_row][vc_row][vc_column][vc_empty_space height=&#8221;120px&#8221;][\/vc_column][\/vc_row][vc_row][vc_column width=&#8221;1\/2&#8243; css=&#8221;.vc_custom_1696417774777{padding-right: 20% !important;padding-left: 20% !important;}&#8221;][vc_single_image image=&#8221;18000&#8243; img_size=&#8221;full&#8221; alignment=&#8221;center&#8221;][vc_column_text]Valchromat &#8211; Fibras Coloridas Produto inovador que associa as caracter\u00edsticas naturais da madeira \u00e0 cor e que, pela sua maleabilidade \u00fanica, permite explorar a tridimensionalidade, a beleza das texturas e aproveitar o melhor da engenharia.[\/vc_column_text][\/vc_column][vc_column [&hellip;]<\/p>\n","protected":false},"author":1,"featured_media":0,"parent":0,"menu_order":0,"comment_status":"closed","ping_status":"closed","template":"","meta":{"_themeisle_gutenberg_block_has_review":false,"footnotes":""},"acf":[],"_links":{"self":[{"href":"https:\/\/grafik.ftpweb.dev\/index.php\/wp-json\/wp\/v2\/pages\/17959"}],"collection":[{"href":"https:\/\/grafik.ftpweb.dev\/index.php\/wp-json\/wp\/v2\/pages"}],"about":[{"href":"https:\/\/grafik.ftpweb.dev\/index.php\/wp-json\/wp\/v2\/types\/page"}],"author":[{"embeddable":true,"href":"https:\/\/grafik.ftpweb.dev\/index.php\/wp-json\/wp\/v2\/users\/1"}],"replies":[{"embeddable":true,"href":"https:\/\/grafik.ftpweb.dev\/index.php\/wp-json\/wp\/v2\/comments?post=17959"}],"version-history":[{"count":21,"href":"https:\/\/grafik.ftpweb.dev\/index.php\/wp-json\/wp\/v2\/pages\/17959\/revisions"}],"predecessor-version":[{"id":17965,"href":"https:\/\/grafik.ftpweb.dev\/index.php\/wp-json\/wp\/v2\/pages\/17959\/revisions\/17965"}],"wp:attachment":[{"href":"https:\/\/grafik.ftpweb.dev\/index.php\/wp-json\/wp\/v2\/media?parent=17959"}],"curies":[{"name":"wp","href":"https:\/\/api.w.org\/{rel}","templated":true}]}}