{"id":18010,"date":"2023-10-04T21:26:13","date_gmt":"2023-10-04T21:26:13","guid":{"rendered":"https:\/\/grafik.ftpweb.dev\/?page_id=18010"},"modified":"2023-10-04T22:21:55","modified_gmt":"2023-10-04T22:21:55","slug":"quem-somos","status":"publish","type":"page","link":"https:\/\/grafik.ftpweb.dev\/index.php\/quem-somos\/","title":{"rendered":"Quem Somos"},"content":{"rendered":"<section class=\"wpb-content-wrapper\"><p>[vc_row][vc_column width=&#8221;1\/4&#8243; css=&#8221;.vc_custom_1696457232375{background-position: center !important;background-repeat: no-repeat !important;background-size: cover !important;}&#8221;][vc_empty_space height=&#8221;150px&#8221;][vc_single_image image=&#8221;18019&#8243; img_size=&#8221;full&#8221;][vc_single_image image=&#8221;18011&#8243; img_size=&#8221;full&#8221; alignment=&#8221;center&#8221;][vc_single_image image=&#8221;18022&#8243; img_size=&#8221;full&#8221;][\/vc_column][vc_column width=&#8221;3\/4&#8243; css=&#8221;.vc_custom_1696454974037{padding-top: 150px !important;padding-right: 16% !important;padding-bottom: 150px !important;padding-left: 16% !important;}&#8221;][vc_column_text]<\/p>\n<h1 style=\"text-align: center;\">QUEM SOMOS<\/h1>\n<p>[\/vc_column_text][vc_column_text]A <strong>Grafik Surface<\/strong> \u00e9 uma empresa inovadora e dedicada \u00e0 fabrica\u00e7\u00e3o de divis\u00f3rias e pain\u00e9is de parede em materiais de alta qualidade, projetadas para transformar interiores residenciais e corporativos. Com uma paix\u00e3o pela excel\u00eancia no design de interiores e um compromisso com a funcionalidade e est\u00e9tica, estamos empenhados em fornecer solu\u00e7\u00f5es personalizadas que atendam \u00e0s necessidades \u00fanicas dos nossos clientes.<\/p>\n<p>&nbsp;<\/p>\n<p>Os nossos Produtos e Servi\u00e7os:<\/p>\n<p><strong>Divis\u00f3rias e paineis para Resid\u00eancias:<\/strong> Oferecemos uma gama exclusiva de divis\u00f3rias e paineis para ambientes residenciais, incluindo quartos, salas de estar, cozinhas, banheiros e \u00e1reas de lazer. Cada divis\u00f3ria \u00e9 cuidadosamente projetada para adicionar privacidade, estilo e sofistica\u00e7\u00e3o aos espa\u00e7os residenciais, com op\u00e7\u00f5es de personaliza\u00e7\u00e3o para atender aos gostos individuais dos nossos clientes.<\/p>\n<p><strong>Divis\u00f3rias e paineis para Ambientes Corporativos:<\/strong> Atendemos empresas de todos os portes, oferecendo solu\u00e7\u00f5es de divis\u00f3rias e paineis de parede para escrit\u00f3rios, salas de reuni\u00f5es, espa\u00e7os de coworking e ambientes de trabalho colaborativos. As nossas divis\u00f3rias s\u00e3o projetadas para melhorar a produtividade, proporcionar privacidade quando necess\u00e1ria e criar ambientes de trabalho agrad\u00e1veis e funcionais.<\/p>\n<p><strong>Design Personalizado:<\/strong> Na Grafik Surface, acreditamos que o design de interiores deve ser uma express\u00e3o da individualidade e da cultura da empresa ou do lar. Portanto, oferecemos servi\u00e7os de design personalizado que permitem aos clientes escolherem materiais, cores, texturas e acabamentos que se alinhem perfeitamente com sua vis\u00e3o est\u00e9tica. Sustentabilidade: Comprometemo-nos a utilizar materiais de origem respons\u00e1vel e a adotar<br \/>\npr\u00e1ticas sustent\u00e1veis na nossa produ\u00e7\u00e3o. Promovemos a reciclagem e a reutiliza\u00e7\u00e3o de produtos sempre que poss\u00edvel, contribuindo para um ambiente mais ecol\u00f3gico.[\/vc_column_text][\/vc_column][\/vc_row]<\/p>\n<\/section>","protected":false},"excerpt":{"rendered":"<p>[vc_row][vc_column width=&#8221;1\/4&#8243; css=&#8221;.vc_custom_1696457232375{background-position: center !important;background-repeat: no-repeat !important;background-size: cover !important;}&#8221;][vc_empty_space height=&#8221;150px&#8221;][vc_single_image image=&#8221;18019&#8243; img_size=&#8221;full&#8221;][vc_single_image image=&#8221;18011&#8243; img_size=&#8221;full&#8221; alignment=&#8221;center&#8221;][vc_single_image image=&#8221;18022&#8243; img_size=&#8221;full&#8221;][\/vc_column][vc_column width=&#8221;3\/4&#8243; css=&#8221;.vc_custom_1696454974037{padding-top: 150px !important;padding-right: 16% !important;padding-bottom: 150px !important;padding-left: 16% !important;}&#8221;][vc_column_text] QUEM SOMOS [\/vc_column_text][vc_column_text]A Grafik Surface \u00e9 uma empresa inovadora e dedicada \u00e0 fabrica\u00e7\u00e3o de divis\u00f3rias e pain\u00e9is de parede em materiais de alta qualidade, projetadas para transformar interiores [&hellip;]<\/p>\n","protected":false},"author":1,"featured_media":0,"parent":0,"menu_order":0,"comment_status":"closed","ping_status":"closed","template":"","meta":{"_themeisle_gutenberg_block_has_review":false,"footnotes":""},"acf":[],"_links":{"self":[{"href":"https:\/\/grafik.ftpweb.dev\/index.php\/wp-json\/wp\/v2\/pages\/18010"}],"collection":[{"href":"https:\/\/grafik.ftpweb.dev\/index.php\/wp-json\/wp\/v2\/pages"}],"about":[{"href":"https:\/\/grafik.ftpweb.dev\/index.php\/wp-json\/wp\/v2\/types\/page"}],"author":[{"embeddable":true,"href":"https:\/\/grafik.ftpweb.dev\/index.php\/wp-json\/wp\/v2\/users\/1"}],"replies":[{"embeddable":true,"href":"https:\/\/grafik.ftpweb.dev\/index.php\/wp-json\/wp\/v2\/comments?post=18010"}],"version-history":[{"count":10,"href":"https:\/\/grafik.ftpweb.dev\/index.php\/wp-json\/wp\/v2\/pages\/18010\/revisions"}],"predecessor-version":[{"id":18013,"href":"https:\/\/grafik.ftpweb.dev\/index.php\/wp-json\/wp\/v2\/pages\/18010\/revisions\/18013"}],"wp:attachment":[{"href":"https:\/\/grafik.ftpweb.dev\/index.php\/wp-json\/wp\/v2\/media?parent=18010"}],"curies":[{"name":"wp","href":"https:\/\/api.w.org\/{rel}","templated":true}]}}